{"id":5765,"date":"2023-08-19T17:07:52","date_gmt":"2023-08-19T17:07:52","guid":{"rendered":"http:\/\/191.101.1.109\/?post_type=product&#038;p=5765"},"modified":"2023-08-19T17:07:52","modified_gmt":"2023-08-19T17:07:52","slug":"sac-a-main-dame","status":"publish","type":"product","link":"\/?product=sac-a-main-dame","title":{"rendered":"Sac \u00e0 Main Dame"},"content":{"rendered":"<p><strong>Sac \u00e0 Main Rayure<\/strong> est fait \u00e0 la base avec du cuir ce qui lui conf\u00e8re une assez long r\u00e9sistance.<\/p>\n<div dir=\"auto\">\n<ul>\n<li>Mati\u00e8re : \u00a0cuir<\/li>\n<li>Coloris : Orange , Noir , Blanc, Vert , Rouge<\/li>\n<\/ul>\n<\/div>\n","protected":false},"excerpt":{"rendered":"<p><strong>Sac \u00e0 Main Rayure<\/strong> est fait \u00e0 la base avec du cuir ce qui lui conf\u00e8re une assez long r\u00e9sistance.<\/p>\n<div dir=\"auto\">\n<ul>\n<li>Mati\u00e8re : \u00a0cuir<\/li>\n<li>Coloris : Orange , Noir , Blanc, Vert , Rouge<\/li>\n<\/ul>\n<\/div>\n","protected":false},"featured_media":5766,"comment_status":"open","ping_status":"closed","template":"","meta":{"inline_featured_image":false},"product_cat":[64],"product_tag":[],"_links":{"self":[{"href":"\/index.php?rest_route=\/wp\/v2\/product\/5765"}],"collection":[{"href":"\/index.php?rest_route=\/wp\/v2\/product"}],"about":[{"href":"\/index.php?rest_route=\/wp\/v2\/types\/product"}],"replies":[{"embeddable":true,"href":"\/index.php?rest_route=%2Fwp%2Fv2%2Fcomments&post=5765"}],"version-history":[{"count":1,"href":"\/index.php?rest_route=\/wp\/v2\/product\/5765\/revisions"}],"predecessor-version":[{"id":5769,"href":"\/index.php?rest_route=\/wp\/v2\/product\/5765\/revisions\/5769"}],"wp:featuredmedia":[{"embeddable":true,"href":"\/index.php?rest_route=\/wp\/v2\/media\/5766"}],"wp:attachment":[{"href":"\/index.php?rest_route=%2Fwp%2Fv2%2Fmedia&parent=5765"}],"wp:term":[{"taxonomy":"product_cat","embeddable":true,"href":"\/index.php?rest_route=%2Fwp%2Fv2%2Fproduct_cat&post=5765"},{"taxonomy":"product_tag","embeddable":true,"href":"\/index.php?rest_route=%2Fwp%2Fv2%2Fproduct_tag&post=5765"}],"curies":[{"name":"wp","href":"https:\/\/api.w.org\/{rel}","templated":true}]}}