{"id":5762,"date":"2023-08-19T17:17:03","date_gmt":"2023-08-19T17:17:03","guid":{"rendered":"http:\/\/191.101.1.109\/?post_type=product&#038;p=5762"},"modified":"2025-06-18T17:03:56","modified_gmt":"2025-06-18T17:03:56","slug":"basket-tommy-hilfiger","status":"publish","type":"product","link":"\/?product=basket-tommy-hilfiger","title":{"rendered":"Basket Tommy Hilfiger"},"content":{"rendered":"<p><b>Paire de basket Tommy Hilfiger\u00a0\u00a0<\/b><\/p>\n<p>Cette chaussure de basket citadine accompagne g\u00e9n\u00e9ralement les pantalons dans vos sortis entre copains(es). Vous pouvez la mettre \u00e9galement sous des culottes.<\/p>\n<ul>\n<li dir=\"auto\">Mati\u00e8re : Cuir<\/li>\n<li dir=\"auto\">Couleur: Blanc<\/li>\n<li dir=\"auto\">Pointure: 40 , 44, 29 , 42<\/li>\n<\/ul>\n","protected":false},"excerpt":{"rendered":"<p><b>Paire de basket Tommy Hilfiger\u00a0\u00a0<\/b><\/p>\n<p>Cette chaussure de basket citadine accompagne g\u00e9n\u00e9ralement les pantalons dans vos sortis entre copains(es). Vous pouvez la mettre \u00e9galement sous des culottes.<\/p>\n<ul>\n<li dir=\"auto\">Mati\u00e8re : Cuir<\/li>\n<li dir=\"auto\">Couleur: Blanc<\/li>\n<li dir=\"auto\">Pointure: 40 , 44, 29 , 42<\/li>\n<\/ul>\n","protected":false},"featured_media":5771,"comment_status":"open","ping_status":"closed","template":"","meta":{"inline_featured_image":false},"product_cat":[87],"product_tag":[109],"_links":{"self":[{"href":"\/index.php?rest_route=\/wp\/v2\/product\/5762"}],"collection":[{"href":"\/index.php?rest_route=\/wp\/v2\/product"}],"about":[{"href":"\/index.php?rest_route=\/wp\/v2\/types\/product"}],"replies":[{"embeddable":true,"href":"\/index.php?rest_route=%2Fwp%2Fv2%2Fcomments&post=5762"}],"version-history":[{"count":1,"href":"\/index.php?rest_route=\/wp\/v2\/product\/5762\/revisions"}],"predecessor-version":[{"id":5772,"href":"\/index.php?rest_route=\/wp\/v2\/product\/5762\/revisions\/5772"}],"wp:featuredmedia":[{"embeddable":true,"href":"\/index.php?rest_route=\/wp\/v2\/media\/5771"}],"wp:attachment":[{"href":"\/index.php?rest_route=%2Fwp%2Fv2%2Fmedia&parent=5762"}],"wp:term":[{"taxonomy":"product_cat","embeddable":true,"href":"\/index.php?rest_route=%2Fwp%2Fv2%2Fproduct_cat&post=5762"},{"taxonomy":"product_tag","embeddable":true,"href":"\/index.php?rest_route=%2Fwp%2Fv2%2Fproduct_tag&post=5762"}],"curies":[{"name":"wp","href":"https:\/\/api.w.org\/{rel}","templated":true}]}}