{"id":5677,"date":"2023-08-19T12:26:09","date_gmt":"2023-08-19T12:26:09","guid":{"rendered":"http:\/\/191.101.1.109\/?post_type=product&#038;p=5677"},"modified":"2023-08-19T13:11:05","modified_gmt":"2023-08-19T13:11:05","slug":"blazer-deux-boutons-dore-ralph-lauren","status":"publish","type":"product","link":"\/?product=blazer-deux-boutons-dore-ralph-lauren","title":{"rendered":"Blazer Deux boutons dor\u00e9 Ralph Lauren\u00a0"},"content":{"rendered":"<p><strong>Blazer Deux boutons dor\u00e9 Ralph Lauren\u00a0<\/strong><\/p>\n<p>La Class sans pr\u00e9c\u00e8dent facile \u00e0 porter pour vos c\u00e9r\u00e9monies les plus prestigieuse.<\/p>\n<ul>\n<li dir=\"auto\">Mati\u00e8re : Cotton<\/li>\n<li dir=\"auto\">Coloris : bleu nuit<\/li>\n<li dir=\"auto\">taille : M et L<\/li>\n<\/ul>\n","protected":false},"excerpt":{"rendered":"<p><strong>Blazer Deux boutons dor\u00e9 Ralph Lauren\u00a0<\/strong><\/p>\n<p>La Class sans pr\u00e9c\u00e8dent facile \u00e0 porter pour vos c\u00e9r\u00e9monies les plus prestigieuse.<\/p>\n<ul>\n<li dir=\"auto\">Mati\u00e8re : Cotton<\/li>\n<li dir=\"auto\">Coloris : bleu nuit<\/li>\n<li dir=\"auto\">taille : M et L<\/li>\n<\/ul>\n","protected":false},"featured_media":5680,"comment_status":"open","ping_status":"closed","template":"","meta":{"inline_featured_image":false},"product_cat":[92,68],"product_tag":[110],"_links":{"self":[{"href":"\/index.php?rest_route=\/wp\/v2\/product\/5677"}],"collection":[{"href":"\/index.php?rest_route=\/wp\/v2\/product"}],"about":[{"href":"\/index.php?rest_route=\/wp\/v2\/types\/product"}],"replies":[{"embeddable":true,"href":"\/index.php?rest_route=%2Fwp%2Fv2%2Fcomments&post=5677"}],"version-history":[{"count":2,"href":"\/index.php?rest_route=\/wp\/v2\/product\/5677\/revisions"}],"predecessor-version":[{"id":5707,"href":"\/index.php?rest_route=\/wp\/v2\/product\/5677\/revisions\/5707"}],"wp:featuredmedia":[{"embeddable":true,"href":"\/index.php?rest_route=\/wp\/v2\/media\/5680"}],"wp:attachment":[{"href":"\/index.php?rest_route=%2Fwp%2Fv2%2Fmedia&parent=5677"}],"wp:term":[{"taxonomy":"product_cat","embeddable":true,"href":"\/index.php?rest_route=%2Fwp%2Fv2%2Fproduct_cat&post=5677"},{"taxonomy":"product_tag","embeddable":true,"href":"\/index.php?rest_route=%2Fwp%2Fv2%2Fproduct_tag&post=5677"}],"curies":[{"name":"wp","href":"https:\/\/api.w.org\/{rel}","templated":true}]}}