{"id":5673,"date":"2023-08-19T12:19:50","date_gmt":"2023-08-19T12:19:50","guid":{"rendered":"http:\/\/191.101.1.109\/?post_type=product&#038;p=5673"},"modified":"2023-08-19T13:11:44","modified_gmt":"2023-08-19T13:11:44","slug":"pull-ralph-lauren-laine","status":"publish","type":"product","link":"\/?product=pull-ralph-lauren-laine","title":{"rendered":"Pull Ralph Lauren\u00a0Laine"},"content":{"rendered":"<p><strong>Pull Ralph Lauren\u00a0<\/strong><\/p>\n<p>En saison des pluies , il fait tr\u00e8s froids et ce pull joue un r\u00f4le important avec sa mati\u00e8re \u00e0 base de laine , il canalise toutes chaleur pour vous permettre d&rsquo;\u00eatre au chaud durant toute la p\u00e9riode ; Aussi , pull class qui vous mettra en valeur durant vos soir\u00e9es<\/p>\n<ul>\n<li dir=\"auto\">Mati\u00e8re : laine<\/li>\n<li dir=\"auto\">Coloris : Bleu nuit et bleu ciel<\/li>\n<li dir=\"auto\">Taille : S, L bleu nuit \/ M bleu ciel<\/li>\n<\/ul>\n","protected":false},"excerpt":{"rendered":"<p><strong>Pull Ralph Lauren\u00a0<\/strong><\/p>\n<p>En saison des pluies , il fait tr\u00e8s froids et ce pull joue un r\u00f4le important avec sa mati\u00e8re \u00e0 base de laine , il canalise toutes chaleur pour vous permettre d&rsquo;\u00eatre au chaud durant toute la p\u00e9riode ; Aussi , pull class qui vous mettra en valeur durant vos soir\u00e9es<\/p>\n<ul>\n<li dir=\"auto\">Mati\u00e8re : laine<\/li>\n<li dir=\"auto\">Coloris : Bleu nuit et bleu ciel<\/li>\n<li dir=\"auto\">Taille : S, L bleu nuit \/ M bleu ciel<\/li>\n<\/ul>\n","protected":false},"featured_media":5675,"comment_status":"open","ping_status":"closed","template":"","meta":{"inline_featured_image":false},"product_cat":[68],"product_tag":[110],"_links":{"self":[{"href":"\/index.php?rest_route=\/wp\/v2\/product\/5673"}],"collection":[{"href":"\/index.php?rest_route=\/wp\/v2\/product"}],"about":[{"href":"\/index.php?rest_route=\/wp\/v2\/types\/product"}],"replies":[{"embeddable":true,"href":"\/index.php?rest_route=%2Fwp%2Fv2%2Fcomments&post=5673"}],"version-history":[{"count":2,"href":"\/index.php?rest_route=\/wp\/v2\/product\/5673\/revisions"}],"predecessor-version":[{"id":5708,"href":"\/index.php?rest_route=\/wp\/v2\/product\/5673\/revisions\/5708"}],"wp:featuredmedia":[{"embeddable":true,"href":"\/index.php?rest_route=\/wp\/v2\/media\/5675"}],"wp:attachment":[{"href":"\/index.php?rest_route=%2Fwp%2Fv2%2Fmedia&parent=5673"}],"wp:term":[{"taxonomy":"product_cat","embeddable":true,"href":"\/index.php?rest_route=%2Fwp%2Fv2%2Fproduct_cat&post=5673"},{"taxonomy":"product_tag","embeddable":true,"href":"\/index.php?rest_route=%2Fwp%2Fv2%2Fproduct_tag&post=5673"}],"curies":[{"name":"wp","href":"https:\/\/api.w.org\/{rel}","templated":true}]}}