{"id":5651,"date":"2023-08-07T09:23:22","date_gmt":"2023-08-07T09:23:22","guid":{"rendered":"http:\/\/191.101.1.109\/?post_type=product&#038;p=5651"},"modified":"2023-08-19T13:13:35","modified_gmt":"2023-08-19T13:13:35","slug":"sac-en-cuir-offwomen","status":"publish","type":"product","link":"\/?product=sac-en-cuir-offwomen","title":{"rendered":"Sac en cuir Offwomen"},"content":{"rendered":"<p>Belle dames vous serez s\u00e9duit par nos nouveau type de sac \u00e0 mains en cuir Offwomen ; Un accessoire coquin pour vos soir\u00e9es entre amies et potes . Restez unique le jour du rendez-vous en vous d\u00e9marquant de vos amies .<\/p>\n<ul>\n<li dir=\"auto\"><strong>Mati\u00e8re : Cuir<\/strong><\/li>\n<li dir=\"auto\"><strong>Couleur: Marron<\/strong><\/li>\n<li dir=\"auto\"><strong>Taille : Large\u00a0<\/strong><\/li>\n<\/ul>\n<p>&nbsp;<\/p>\n","protected":false},"excerpt":{"rendered":"<p>Belle dames vous serez s\u00e9duit par nos nouveau type de sac \u00e0 mains en cuir Offwomen ; Un accessoire coquin pour vos soir\u00e9es entre amies et potes . Restez unique le jour du rendez-vous en vous d\u00e9marquant de vos amies .<\/p>\n<ul>\n<li dir=\"auto\"><strong>Mati\u00e8re : Cuir<\/strong><\/li>\n<li dir=\"auto\"><strong>Couleur: Marron<\/strong><\/li>\n<li dir=\"auto\"><strong>Taille : Large\u00a0<\/strong><\/li>\n<\/ul>\n","protected":false},"featured_media":5652,"comment_status":"open","ping_status":"closed","template":"","meta":{"inline_featured_image":false},"product_cat":[64],"product_tag":[],"_links":{"self":[{"href":"\/index.php?rest_route=\/wp\/v2\/product\/5651"}],"collection":[{"href":"\/index.php?rest_route=\/wp\/v2\/product"}],"about":[{"href":"\/index.php?rest_route=\/wp\/v2\/types\/product"}],"replies":[{"embeddable":true,"href":"\/index.php?rest_route=%2Fwp%2Fv2%2Fcomments&post=5651"}],"version-history":[{"count":3,"href":"\/index.php?rest_route=\/wp\/v2\/product\/5651\/revisions"}],"predecessor-version":[{"id":5710,"href":"\/index.php?rest_route=\/wp\/v2\/product\/5651\/revisions\/5710"}],"wp:featuredmedia":[{"embeddable":true,"href":"\/index.php?rest_route=\/wp\/v2\/media\/5652"}],"wp:attachment":[{"href":"\/index.php?rest_route=%2Fwp%2Fv2%2Fmedia&parent=5651"}],"wp:term":[{"taxonomy":"product_cat","embeddable":true,"href":"\/index.php?rest_route=%2Fwp%2Fv2%2Fproduct_cat&post=5651"},{"taxonomy":"product_tag","embeddable":true,"href":"\/index.php?rest_route=%2Fwp%2Fv2%2Fproduct_tag&post=5651"}],"curies":[{"name":"wp","href":"https:\/\/api.w.org\/{rel}","templated":true}]}}