{"id":5646,"date":"2023-08-07T09:12:49","date_gmt":"2023-08-07T09:12:49","guid":{"rendered":"http:\/\/191.101.1.109\/?post_type=product&#038;p=5646"},"modified":"2023-08-19T13:14:28","modified_gmt":"2023-08-19T13:14:28","slug":"culotte-simple-homme","status":"publish","type":"product","link":"\/?product=culotte-simple-homme","title":{"rendered":"Culotte Simple Homme"},"content":{"rendered":"<p><strong>Culotte Simple Homme<\/strong>, belle culotte blanche elle se porte sous les polos et v\u00eatements de sortis.\u00a0 Facile \u00e0 mettre et ne d\u00e9teint pas ! La mati\u00e8re est bonne elle est faite en cotton 100% . Alors si vous rechercher un produits simple qui passe sous tous type de v\u00eatements ne rater pas la promo .<\/p>\n<ul>\n<li dir=\"auto\">Mati\u00e8re : Cotton<\/li>\n<li dir=\"auto\">Couleur: Blanc<\/li>\n<li dir=\"auto\">Taille :\u00a0 XL , M,L<\/li>\n<\/ul>\n<p>&nbsp;<\/p>\n","protected":false},"excerpt":{"rendered":"<p><strong>Culotte Simple Homme<\/strong>, belle culotte blanche elle se porte sous les polos et v\u00eatements de sortis.\u00a0 Facile \u00e0 mettre et ne d\u00e9teint pas ! La mati\u00e8re est bonne elle est faite en cotton 100% . Alors si vous rechercher un produits simple qui passe sous tous type de v\u00eatements ne rater pas la promo .<\/p>\n<ul>\n<li dir=\"auto\">Mati\u00e8re : Cotton<\/li>\n<li dir=\"auto\">Couleur: Blanc<\/li>\n<li dir=\"auto\">Taille :\u00a0 XL , M,L<\/li>\n<\/ul>\n<p>&nbsp;<\/p>\n","protected":false},"featured_media":5648,"comment_status":"open","ping_status":"closed","template":"","meta":{"inline_featured_image":false},"product_cat":[96],"product_tag":[],"_links":{"self":[{"href":"\/index.php?rest_route=\/wp\/v2\/product\/5646"}],"collection":[{"href":"\/index.php?rest_route=\/wp\/v2\/product"}],"about":[{"href":"\/index.php?rest_route=\/wp\/v2\/types\/product"}],"replies":[{"embeddable":true,"href":"\/index.php?rest_route=%2Fwp%2Fv2%2Fcomments&post=5646"}],"version-history":[{"count":2,"href":"\/index.php?rest_route=\/wp\/v2\/product\/5646\/revisions"}],"predecessor-version":[{"id":5711,"href":"\/index.php?rest_route=\/wp\/v2\/product\/5646\/revisions\/5711"}],"wp:featuredmedia":[{"embeddable":true,"href":"\/index.php?rest_route=\/wp\/v2\/media\/5648"}],"wp:attachment":[{"href":"\/index.php?rest_route=%2Fwp%2Fv2%2Fmedia&parent=5646"}],"wp:term":[{"taxonomy":"product_cat","embeddable":true,"href":"\/index.php?rest_route=%2Fwp%2Fv2%2Fproduct_cat&post=5646"},{"taxonomy":"product_tag","embeddable":true,"href":"\/index.php?rest_route=%2Fwp%2Fv2%2Fproduct_tag&post=5646"}],"curies":[{"name":"wp","href":"https:\/\/api.w.org\/{rel}","templated":true}]}}