{"id":5631,"date":"2023-08-02T14:50:19","date_gmt":"2023-08-02T14:50:19","guid":{"rendered":"http:\/\/191.101.1.109\/?post_type=product&#038;p=5631"},"modified":"2023-08-19T13:18:34","modified_gmt":"2023-08-19T13:18:34","slug":"parfum-adn-absolute","status":"publish","type":"product","link":"\/?product=parfum-adn-absolute","title":{"rendered":"Parfum ADN Absolute"},"content":{"rendered":"<p><strong>Parfum ADN Absolute<\/strong><\/p>\n<p>Ce parfum authentique qui te fera sentir tr\u00e8s bon pendant une dur\u00e9e de 24h . Parfum long dur\u00e9e avec une odeur tr\u00e8s originale .<\/p>\n<ul>\n<li dir=\"auto\">Mati\u00e8re : Parfum<\/li>\n<li dir=\"auto\">Boitier: Noir<\/li>\n<li dir=\"auto\">Taille :\u00a0 250ml<\/li>\n<\/ul>\n<p>&nbsp;<\/p>\n","protected":false},"excerpt":{"rendered":"<p><strong>Parfum ADN Absolute<\/strong><\/p>\n<p>Ce parfum authentique qui te fera sentir tr\u00e8s bon pendant une dur\u00e9e de 24h . Parfum long dur\u00e9e avec une odeur tr\u00e8s originale .<\/p>\n<ul>\n<li dir=\"auto\">Mati\u00e8re : Parfum<\/li>\n<li dir=\"auto\">Boitier: Noir<\/li>\n<li dir=\"auto\">Taille :\u00a0 250ml<\/li>\n<\/ul>\n<p>&nbsp;<\/p>\n","protected":false},"featured_media":5633,"comment_status":"open","ping_status":"closed","template":"","meta":{"inline_featured_image":false},"product_cat":[94],"product_tag":[],"_links":{"self":[{"href":"\/index.php?rest_route=\/wp\/v2\/product\/5631"}],"collection":[{"href":"\/index.php?rest_route=\/wp\/v2\/product"}],"about":[{"href":"\/index.php?rest_route=\/wp\/v2\/types\/product"}],"replies":[{"embeddable":true,"href":"\/index.php?rest_route=%2Fwp%2Fv2%2Fcomments&post=5631"}],"version-history":[{"count":3,"href":"\/index.php?rest_route=\/wp\/v2\/product\/5631\/revisions"}],"predecessor-version":[{"id":5714,"href":"\/index.php?rest_route=\/wp\/v2\/product\/5631\/revisions\/5714"}],"wp:featuredmedia":[{"embeddable":true,"href":"\/index.php?rest_route=\/wp\/v2\/media\/5633"}],"wp:attachment":[{"href":"\/index.php?rest_route=%2Fwp%2Fv2%2Fmedia&parent=5631"}],"wp:term":[{"taxonomy":"product_cat","embeddable":true,"href":"\/index.php?rest_route=%2Fwp%2Fv2%2Fproduct_cat&post=5631"},{"taxonomy":"product_tag","embeddable":true,"href":"\/index.php?rest_route=%2Fwp%2Fv2%2Fproduct_tag&post=5631"}],"curies":[{"name":"wp","href":"https:\/\/api.w.org\/{rel}","templated":true}]}}