{"id":5506,"date":"2023-07-31T14:05:08","date_gmt":"2023-07-31T14:05:08","guid":{"rendered":"http:\/\/191.101.1.109\/?post_type=product&#038;p=5506"},"modified":"2025-07-09T03:44:37","modified_gmt":"2025-07-09T03:44:37","slug":"lacoste-blanche","status":"publish","type":"product","link":"\/?product=lacoste-blanche","title":{"rendered":"Lacoste Blanche"},"content":{"rendered":"<p>Promo sp\u00e9cial sur la paire de chaussure Lacoste \u00e0 la boutique ; Une paire unique qui se d\u00e9marque avec son design unique pour les amateur de la marque<\/p>\n<ul>\n<li dir=\"auto\"><strong>Mati\u00e8re : Cuir<\/strong><\/li>\n<li dir=\"auto\"><strong>Couleur: Blanche<\/strong><\/li>\n<li dir=\"auto\"><strong>Pointure: 43, 42<\/strong><\/li>\n<\/ul>\n","protected":false},"excerpt":{"rendered":"<p>Promo sp\u00e9cial sur la paire de chaussure Lacoste \u00e0 la boutique ; Une paire unique qui se d\u00e9marque avec son design unique pour les amateur de la marque .<\/p>\n<ul>\n<li dir=\"auto\"><strong>Mati\u00e8re : Cuir<\/strong><\/li>\n<li dir=\"auto\"><strong>Couleur: Blanche<\/strong><\/li>\n<li dir=\"auto\"><strong>Pointure: 43, 42<\/strong><\/li>\n<\/ul>\n","protected":false},"featured_media":5507,"comment_status":"open","ping_status":"closed","template":"","meta":{"inline_featured_image":false},"product_cat":[87],"product_tag":[],"_links":{"self":[{"href":"\/index.php?rest_route=\/wp\/v2\/product\/5506"}],"collection":[{"href":"\/index.php?rest_route=\/wp\/v2\/product"}],"about":[{"href":"\/index.php?rest_route=\/wp\/v2\/types\/product"}],"replies":[{"embeddable":true,"href":"\/index.php?rest_route=%2Fwp%2Fv2%2Fcomments&post=5506"}],"version-history":[{"count":2,"href":"\/index.php?rest_route=\/wp\/v2\/product\/5506\/revisions"}],"predecessor-version":[{"id":5728,"href":"\/index.php?rest_route=\/wp\/v2\/product\/5506\/revisions\/5728"}],"wp:featuredmedia":[{"embeddable":true,"href":"\/index.php?rest_route=\/wp\/v2\/media\/5507"}],"wp:attachment":[{"href":"\/index.php?rest_route=%2Fwp%2Fv2%2Fmedia&parent=5506"}],"wp:term":[{"taxonomy":"product_cat","embeddable":true,"href":"\/index.php?rest_route=%2Fwp%2Fv2%2Fproduct_cat&post=5506"},{"taxonomy":"product_tag","embeddable":true,"href":"\/index.php?rest_route=%2Fwp%2Fv2%2Fproduct_tag&post=5506"}],"curies":[{"name":"wp","href":"https:\/\/api.w.org\/{rel}","templated":true}]}}