{"id":5502,"date":"2023-07-31T14:00:43","date_gmt":"2023-07-31T14:00:43","guid":{"rendered":"http:\/\/191.101.1.109\/?post_type=product&#038;p=5502"},"modified":"2025-06-18T17:04:15","modified_gmt":"2025-06-18T17:04:15","slug":"chaussure-lacoste-noir","status":"publish","type":"product","link":"\/?product=chaussure-lacoste-noir","title":{"rendered":"Chaussure Lacoste Noir"},"content":{"rendered":"<p>Paire de basket <strong>Lacoste<\/strong> est en promo \u00e0 la boutique pour b\u00e9n\u00e9ficier de la promo command\u00e9 et soyez bien habiles \u00e0 moindre co\u00fbts . Comme on le dit l&rsquo;homme est le reflet de son apparence donc illuminer votre style avec la paire Lacoste .<\/p>\n<ul>\n<li dir=\"auto\"><strong>Mati\u00e8re : Cuir<\/strong><\/li>\n<li dir=\"auto\"><strong>Couleur: Noir\u00a0<\/strong><\/li>\n<li dir=\"auto\"><strong>Pointure: 41 , 45, 42<\/strong><\/li>\n<\/ul>\n","protected":false},"excerpt":{"rendered":"<p>Paire de basket <strong>Lacoste<\/strong> est en promo \u00e0 la boutique pour b\u00e9n\u00e9ficier de la promo command\u00e9 et soyez bien habiles \u00e0 moindre co\u00fbts . Comme on le dit l&rsquo;homme est le reflet de son apparence donc illuminer votre style avec la paire Lacoste .<\/p>\n<ul>\n<li dir=\"auto\"><strong>Mati\u00e8re : Cuir<\/strong><\/li>\n<li dir=\"auto\"><strong>Couleur: Noir\u00a0<\/strong><\/li>\n<li dir=\"auto\"><strong>Pointure: 41 , 45, 42<\/strong><\/li>\n<\/ul>\n","protected":false},"featured_media":5503,"comment_status":"open","ping_status":"closed","template":"","meta":{"inline_featured_image":false},"product_cat":[87],"product_tag":[],"_links":{"self":[{"href":"\/index.php?rest_route=\/wp\/v2\/product\/5502"}],"collection":[{"href":"\/index.php?rest_route=\/wp\/v2\/product"}],"about":[{"href":"\/index.php?rest_route=\/wp\/v2\/types\/product"}],"replies":[{"embeddable":true,"href":"\/index.php?rest_route=%2Fwp%2Fv2%2Fcomments&post=5502"}],"version-history":[{"count":2,"href":"\/index.php?rest_route=\/wp\/v2\/product\/5502\/revisions"}],"predecessor-version":[{"id":5727,"href":"\/index.php?rest_route=\/wp\/v2\/product\/5502\/revisions\/5727"}],"wp:featuredmedia":[{"embeddable":true,"href":"\/index.php?rest_route=\/wp\/v2\/media\/5503"}],"wp:attachment":[{"href":"\/index.php?rest_route=%2Fwp%2Fv2%2Fmedia&parent=5502"}],"wp:term":[{"taxonomy":"product_cat","embeddable":true,"href":"\/index.php?rest_route=%2Fwp%2Fv2%2Fproduct_cat&post=5502"},{"taxonomy":"product_tag","embeddable":true,"href":"\/index.php?rest_route=%2Fwp%2Fv2%2Fproduct_tag&post=5502"}],"curies":[{"name":"wp","href":"https:\/\/api.w.org\/{rel}","templated":true}]}}